{"id":1179,"date":"2018-10-09T19:11:13","date_gmt":"2018-10-09T17:11:13","guid":{"rendered":"https:\/\/patschenpicker.wordpress.com\/?page_id=1179"},"modified":"2022-01-01T11:54:21","modified_gmt":"2022-01-01T10:54:21","slug":"oetztaler-radmarathon","status":"publish","type":"page","link":"https:\/\/www.patschenpicker.com\/?page_id=1179","title":{"rendered":"\u00d6tztaler Radmarathon"},"content":{"rendered":"\n<p><strong>\u00d6tztaler 2018<\/strong><\/p>\n\n\n\n<p>Der allseits bekannte \u00d6tztaler: 238 km und 5 500 H\u00f6henmeter. Start ist in S\u00f6lden und dann geht\u00b4s \u00fcber K\u00fchtai (2 017 m), Brenner (1 370 m), Jaufenpass (2 094 m) und Timmelsjoch (2 509 m) wieder in\u00b4s Ziel nach S\u00f6lden &#8211; eine harte Sache!<\/p>\n\n\n\n<div class=\"wp-block-jetpack-tiled-gallery aligncenter is-style-rectangular\"><div class=\"tiled-gallery__gallery\"><div class=\"tiled-gallery__row\"><div class=\"tiled-gallery__col\" style=\"flex-basis:36.94130%\"><figure class=\"tiled-gallery__item\"><img decoding=\"async\" srcset=\"https:\/\/i1.wp.com\/www.patschenpicker.com\/wp-content\/uploads\/2021\/12\/20180831_183901.jpg?strip=info&#038;w=600 600w,https:\/\/i1.wp.com\/www.patschenpicker.com\/wp-content\/uploads\/2021\/12\/20180831_183901.jpg?strip=info&#038;w=900 900w,https:\/\/i1.wp.com\/www.patschenpicker.com\/wp-content\/uploads\/2021\/12\/20180831_183901.jpg?strip=info&#038;w=1200 1200w,https:\/\/i1.wp.com\/www.patschenpicker.com\/wp-content\/uploads\/2021\/12\/20180831_183901.jpg?strip=info&#038;w=1500 1500w,https:\/\/i1.wp.com\/www.patschenpicker.com\/wp-content\/uploads\/2021\/12\/20180831_183901.jpg?strip=info&#038;w=1633 1633w\" alt=\"\" data-height=\"919\" data-id=\"4567\" data-link=\"https:\/\/www.patschenpicker.com\/?attachment_id=4567\" data-url=\"https:\/\/www.patschenpicker.com\/wp-content\/uploads\/2021\/12\/20180831_183901.jpg\" data-width=\"1633\" src=\"https:\/\/i1.wp.com\/www.patschenpicker.com\/wp-content\/uploads\/2021\/12\/20180831_183901.jpg\" data-amp-layout=\"responsive\"\/><\/figure><figure class=\"tiled-gallery__item\"><img decoding=\"async\" srcset=\"https:\/\/i0.wp.com\/www.patschenpicker.com\/wp-content\/uploads\/2021\/12\/20180831_183934.jpg?strip=info&#038;w=600 600w,https:\/\/i0.wp.com\/www.patschenpicker.com\/wp-content\/uploads\/2021\/12\/20180831_183934.jpg?strip=info&#038;w=900 900w,https:\/\/i0.wp.com\/www.patschenpicker.com\/wp-content\/uploads\/2021\/12\/20180831_183934.jpg?strip=info&#038;w=1200 1200w,https:\/\/i0.wp.com\/www.patschenpicker.com\/wp-content\/uploads\/2021\/12\/20180831_183934.jpg?strip=info&#038;w=1500 1500w,https:\/\/i0.wp.com\/www.patschenpicker.com\/wp-content\/uploads\/2021\/12\/20180831_183934.jpg?strip=info&#038;w=1633 1633w\" alt=\"\" data-height=\"919\" data-id=\"4568\" data-link=\"https:\/\/www.patschenpicker.com\/?attachment_id=4568\" data-url=\"https:\/\/www.patschenpicker.com\/wp-content\/uploads\/2021\/12\/20180831_183934.jpg\" data-width=\"1633\" src=\"https:\/\/i0.wp.com\/www.patschenpicker.com\/wp-content\/uploads\/2021\/12\/20180831_183934.jpg\" data-amp-layout=\"responsive\"\/><\/figure><\/div><div class=\"tiled-gallery__col\" style=\"flex-basis:63.05870%\"><figure class=\"tiled-gallery__item\"><img decoding=\"async\" srcset=\"https:\/\/i2.wp.com\/www.patschenpicker.com\/wp-content\/uploads\/2021\/12\/sportograf-135002162.jpg?strip=info&#038;w=600 600w,https:\/\/i2.wp.com\/www.patschenpicker.com\/wp-content\/uploads\/2021\/12\/sportograf-135002162.jpg?strip=info&#038;w=900 900w,https:\/\/i2.wp.com\/www.patschenpicker.com\/wp-content\/uploads\/2021\/12\/sportograf-135002162.jpg?strip=info&#038;w=1200 1200w,https:\/\/i2.wp.com\/www.patschenpicker.com\/wp-content\/uploads\/2021\/12\/sportograf-135002162.jpg?strip=info&#038;w=1500 1500w,https:\/\/i2.wp.com\/www.patschenpicker.com\/wp-content\/uploads\/2021\/12\/sportograf-135002162.jpg?strip=info&#038;w=1503 1503w\" alt=\"\" data-height=\"998\" data-id=\"4565\" data-link=\"https:\/\/www.patschenpicker.com\/?attachment_id=4565\" data-url=\"https:\/\/www.patschenpicker.com\/wp-content\/uploads\/2021\/12\/sportograf-135002162.jpg\" data-width=\"1503\" src=\"https:\/\/i2.wp.com\/www.patschenpicker.com\/wp-content\/uploads\/2021\/12\/sportograf-135002162.jpg\" data-amp-layout=\"responsive\"\/><\/figure><\/div><\/div><div class=\"tiled-gallery__row\"><div class=\"tiled-gallery__col\" style=\"flex-basis:66.86113%\"><figure class=\"tiled-gallery__item\"><img decoding=\"async\" srcset=\"https:\/\/i0.wp.com\/www.patschenpicker.com\/wp-content\/uploads\/2021\/12\/sportograf-134961550.jpg?strip=info&#038;w=600 600w,https:\/\/i0.wp.com\/www.patschenpicker.com\/wp-content\/uploads\/2021\/12\/sportograf-134961550.jpg?strip=info&#038;w=900 900w,https:\/\/i0.wp.com\/www.patschenpicker.com\/wp-content\/uploads\/2021\/12\/sportograf-134961550.jpg?strip=info&#038;w=1200 1200w,https:\/\/i0.wp.com\/www.patschenpicker.com\/wp-content\/uploads\/2021\/12\/sportograf-134961550.jpg?strip=info&#038;w=1500 1500w,https:\/\/i0.wp.com\/www.patschenpicker.com\/wp-content\/uploads\/2021\/12\/sportograf-134961550.jpg?strip=info&#038;w=1502 1502w\" alt=\"\" data-height=\"998\" data-id=\"4563\" data-link=\"https:\/\/www.patschenpicker.com\/?attachment_id=4563\" data-url=\"https:\/\/www.patschenpicker.com\/wp-content\/uploads\/2021\/12\/sportograf-134961550.jpg\" data-width=\"1502\" src=\"https:\/\/i0.wp.com\/www.patschenpicker.com\/wp-content\/uploads\/2021\/12\/sportograf-134961550.jpg\" data-amp-layout=\"responsive\"\/><\/figure><\/div><div class=\"tiled-gallery__col\" style=\"flex-basis:33.13887%\"><figure class=\"tiled-gallery__item\"><img decoding=\"async\" srcset=\"https:\/\/i0.wp.com\/www.patschenpicker.com\/wp-content\/uploads\/2021\/12\/sportograf-134996559.jpg?strip=info&#038;w=600 600w,https:\/\/i0.wp.com\/www.patschenpicker.com\/wp-content\/uploads\/2021\/12\/sportograf-134996559.jpg?strip=info&#038;w=900 900w,https:\/\/i0.wp.com\/www.patschenpicker.com\/wp-content\/uploads\/2021\/12\/sportograf-134996559.jpg?strip=info&#038;w=1200 1200w,https:\/\/i0.wp.com\/www.patschenpicker.com\/wp-content\/uploads\/2021\/12\/sportograf-134996559.jpg?strip=info&#038;w=1500 1500w\" alt=\"\" data-height=\"1000\" data-id=\"4564\" data-link=\"https:\/\/www.patschenpicker.com\/?attachment_id=4564\" data-url=\"https:\/\/www.patschenpicker.com\/wp-content\/uploads\/2021\/12\/sportograf-134996559.jpg\" data-width=\"1500\" src=\"https:\/\/i0.wp.com\/www.patschenpicker.com\/wp-content\/uploads\/2021\/12\/sportograf-134996559.jpg\" data-amp-layout=\"responsive\"\/><\/figure><figure class=\"tiled-gallery__item\"><img decoding=\"async\" srcset=\"https:\/\/i1.wp.com\/www.patschenpicker.com\/wp-content\/uploads\/2021\/12\/sportograf-135027167.jpg?strip=info&#038;w=600 600w,https:\/\/i1.wp.com\/www.patschenpicker.com\/wp-content\/uploads\/2021\/12\/sportograf-135027167.jpg?strip=info&#038;w=900 900w,https:\/\/i1.wp.com\/www.patschenpicker.com\/wp-content\/uploads\/2021\/12\/sportograf-135027167.jpg?strip=info&#038;w=1200 1200w,https:\/\/i1.wp.com\/www.patschenpicker.com\/wp-content\/uploads\/2021\/12\/sportograf-135027167.jpg?strip=info&#038;w=1500 1500w\" alt=\"\" data-height=\"1000\" data-id=\"4566\" data-link=\"https:\/\/www.patschenpicker.com\/?attachment_id=4566\" data-url=\"https:\/\/www.patschenpicker.com\/wp-content\/uploads\/2021\/12\/sportograf-135027167.jpg\" data-width=\"1500\" src=\"https:\/\/i1.wp.com\/www.patschenpicker.com\/wp-content\/uploads\/2021\/12\/sportograf-135027167.jpg\" data-amp-layout=\"responsive\"\/><\/figure><\/div><\/div><div class=\"tiled-gallery__row\"><div class=\"tiled-gallery__col\" style=\"flex-basis:33.29647%\"><figure class=\"tiled-gallery__item\"><img decoding=\"async\" srcset=\"https:\/\/i2.wp.com\/www.patschenpicker.com\/wp-content\/uploads\/2021\/12\/sportograf-134946273.jpg?strip=info&#038;w=600 600w,https:\/\/i2.wp.com\/www.patschenpicker.com\/wp-content\/uploads\/2021\/12\/sportograf-134946273.jpg?strip=info&#038;w=900 900w,https:\/\/i2.wp.com\/www.patschenpicker.com\/wp-content\/uploads\/2021\/12\/sportograf-134946273.jpg?strip=info&#038;w=1200 1200w,https:\/\/i2.wp.com\/www.patschenpicker.com\/wp-content\/uploads\/2021\/12\/sportograf-134946273.jpg?strip=info&#038;w=1500 1500w\" alt=\"\" data-height=\"1000\" data-id=\"4561\" data-link=\"https:\/\/www.patschenpicker.com\/?attachment_id=4561\" data-url=\"https:\/\/www.patschenpicker.com\/wp-content\/uploads\/2021\/12\/sportograf-134946273.jpg\" data-width=\"1500\" src=\"https:\/\/i2.wp.com\/www.patschenpicker.com\/wp-content\/uploads\/2021\/12\/sportograf-134946273.jpg\" data-amp-layout=\"responsive\"\/><\/figure><\/div><div class=\"tiled-gallery__col\" style=\"flex-basis:33.40707%\"><figure class=\"tiled-gallery__item\"><img decoding=\"async\" srcset=\"https:\/\/i0.wp.com\/www.patschenpicker.com\/wp-content\/uploads\/2021\/12\/sportograf-134949405.jpg?strip=info&#038;w=600 600w,https:\/\/i0.wp.com\/www.patschenpicker.com\/wp-content\/uploads\/2021\/12\/sportograf-134949405.jpg?strip=info&#038;w=900 900w,https:\/\/i0.wp.com\/www.patschenpicker.com\/wp-content\/uploads\/2021\/12\/sportograf-134949405.jpg?strip=info&#038;w=1200 1200w,https:\/\/i0.wp.com\/www.patschenpicker.com\/wp-content\/uploads\/2021\/12\/sportograf-134949405.jpg?strip=info&#038;w=1500 1500w,https:\/\/i0.wp.com\/www.patschenpicker.com\/wp-content\/uploads\/2021\/12\/sportograf-134949405.jpg?strip=info&#038;w=1502 1502w\" alt=\"\" data-height=\"998\" data-id=\"4562\" data-link=\"https:\/\/www.patschenpicker.com\/?attachment_id=4562\" data-url=\"https:\/\/www.patschenpicker.com\/wp-content\/uploads\/2021\/12\/sportograf-134949405.jpg\" data-width=\"1502\" src=\"https:\/\/i0.wp.com\/www.patschenpicker.com\/wp-content\/uploads\/2021\/12\/sportograf-134949405.jpg\" data-amp-layout=\"responsive\"\/><\/figure><\/div><div class=\"tiled-gallery__col\" style=\"flex-basis:33.29647%\"><figure class=\"tiled-gallery__item\"><img decoding=\"async\" srcset=\"https:\/\/i1.wp.com\/www.patschenpicker.com\/wp-content\/uploads\/2021\/12\/sportograf-134929946.jpg?strip=info&#038;w=600 600w,https:\/\/i1.wp.com\/www.patschenpicker.com\/wp-content\/uploads\/2021\/12\/sportograf-134929946.jpg?strip=info&#038;w=900 900w,https:\/\/i1.wp.com\/www.patschenpicker.com\/wp-content\/uploads\/2021\/12\/sportograf-134929946.jpg?strip=info&#038;w=1200 1200w,https:\/\/i1.wp.com\/www.patschenpicker.com\/wp-content\/uploads\/2021\/12\/sportograf-134929946.jpg?strip=info&#038;w=1500 1500w\" alt=\"\" data-height=\"1000\" data-id=\"4560\" data-link=\"https:\/\/www.patschenpicker.com\/?attachment_id=4560\" data-url=\"https:\/\/www.patschenpicker.com\/wp-content\/uploads\/2021\/12\/sportograf-134929946.jpg\" data-width=\"1500\" src=\"https:\/\/i1.wp.com\/www.patschenpicker.com\/wp-content\/uploads\/2021\/12\/sportograf-134929946.jpg\" data-amp-layout=\"responsive\"\/><\/figure><\/div><\/div><div class=\"tiled-gallery__row\"><div class=\"tiled-gallery__col\" style=\"flex-basis:50.04154%\"><figure class=\"tiled-gallery__item\"><img decoding=\"async\" srcset=\"https:\/\/i0.wp.com\/www.patschenpicker.com\/wp-content\/uploads\/2021\/12\/sportograf-134920200.jpg?strip=info&#038;w=600 600w,https:\/\/i0.wp.com\/www.patschenpicker.com\/wp-content\/uploads\/2021\/12\/sportograf-134920200.jpg?strip=info&#038;w=900 900w,https:\/\/i0.wp.com\/www.patschenpicker.com\/wp-content\/uploads\/2021\/12\/sportograf-134920200.jpg?strip=info&#038;w=1200 1200w,https:\/\/i0.wp.com\/www.patschenpicker.com\/wp-content\/uploads\/2021\/12\/sportograf-134920200.jpg?strip=info&#038;w=1500 1500w,https:\/\/i0.wp.com\/www.patschenpicker.com\/wp-content\/uploads\/2021\/12\/sportograf-134920200.jpg?strip=info&#038;w=1502 1502w\" alt=\"\" data-height=\"998\" data-id=\"4559\" data-link=\"https:\/\/www.patschenpicker.com\/?attachment_id=4559\" data-url=\"https:\/\/www.patschenpicker.com\/wp-content\/uploads\/2021\/12\/sportograf-134920200.jpg\" data-width=\"1502\" src=\"https:\/\/i0.wp.com\/www.patschenpicker.com\/wp-content\/uploads\/2021\/12\/sportograf-134920200.jpg\" data-amp-layout=\"responsive\"\/><\/figure><\/div><div class=\"tiled-gallery__col\" style=\"flex-basis:49.95846%\"><figure class=\"tiled-gallery__item\"><img decoding=\"async\" srcset=\"https:\/\/i1.wp.com\/www.patschenpicker.com\/wp-content\/uploads\/2021\/12\/sportograf-134885685.jpg?strip=info&#038;w=600 600w,https:\/\/i1.wp.com\/www.patschenpicker.com\/wp-content\/uploads\/2021\/12\/sportograf-134885685.jpg?strip=info&#038;w=900 900w,https:\/\/i1.wp.com\/www.patschenpicker.com\/wp-content\/uploads\/2021\/12\/sportograf-134885685.jpg?strip=info&#038;w=1200 1200w,https:\/\/i1.wp.com\/www.patschenpicker.com\/wp-content\/uploads\/2021\/12\/sportograf-134885685.jpg?strip=info&#038;w=1500 1500w,https:\/\/i1.wp.com\/www.patschenpicker.com\/wp-content\/uploads\/2021\/12\/sportograf-134885685.jpg?strip=info&#038;w=1501 1501w\" alt=\"\" data-height=\"999\" data-id=\"4558\" data-link=\"https:\/\/www.patschenpicker.com\/?attachment_id=4558\" data-url=\"https:\/\/www.patschenpicker.com\/wp-content\/uploads\/2021\/12\/sportograf-134885685.jpg\" data-width=\"1501\" src=\"https:\/\/i1.wp.com\/www.patschenpicker.com\/wp-content\/uploads\/2021\/12\/sportograf-134885685.jpg\" data-amp-layout=\"responsive\"\/><\/figure><\/div><\/div><\/div><\/div>\n","protected":false},"excerpt":{"rendered":"<p>\u00d6tztaler 2018 Der allseits bekannte \u00d6tztaler: 238 km und 5 500 H\u00f6henmeter. Start ist in S\u00f6lden und dann geht\u00b4s \u00fcber K\u00fchtai (2 017 m), Brenner (1 370 m), Jaufenpass (2 094 m) und Timmelsjoch (2 509 m) wieder in\u00b4s Ziel nach S\u00f6lden &#8211; eine harte Sache!<\/p>\n","protected":false},"author":1,"featured_media":0,"parent":0,"menu_order":0,"comment_status":"closed","ping_status":"closed","template":"","meta":{"footnotes":""},"class_list":["post-1179","page","type-page","status-publish","hentry"],"jetpack_sharing_enabled":true,"_links":{"self":[{"href":"https:\/\/www.patschenpicker.com\/index.php?rest_route=\/wp\/v2\/pages\/1179","targetHints":{"allow":["GET"]}}],"collection":[{"href":"https:\/\/www.patschenpicker.com\/index.php?rest_route=\/wp\/v2\/pages"}],"about":[{"href":"https:\/\/www.patschenpicker.com\/index.php?rest_route=\/wp\/v2\/types\/page"}],"author":[{"embeddable":true,"href":"https:\/\/www.patschenpicker.com\/index.php?rest_route=\/wp\/v2\/users\/1"}],"replies":[{"embeddable":true,"href":"https:\/\/www.patschenpicker.com\/index.php?rest_route=%2Fwp%2Fv2%2Fcomments&post=1179"}],"version-history":[{"count":2,"href":"https:\/\/www.patschenpicker.com\/index.php?rest_route=\/wp\/v2\/pages\/1179\/revisions"}],"predecessor-version":[{"id":4571,"href":"https:\/\/www.patschenpicker.com\/index.php?rest_route=\/wp\/v2\/pages\/1179\/revisions\/4571"}],"wp:attachment":[{"href":"https:\/\/www.patschenpicker.com\/index.php?rest_route=%2Fwp%2Fv2%2Fmedia&parent=1179"}],"curies":[{"name":"wp","href":"https:\/\/api.w.org\/{rel}","templated":true}]}}